{"id":31,"date":"2026-04-08T14:10:39","date_gmt":"2026-04-08T14:10:39","guid":{"rendered":"https:\/\/kaminbau-bautzen.webhost.city-map.com\/?page_id=31"},"modified":"2026-04-21T23:47:12","modified_gmt":"2026-04-21T23:47:12","slug":"grundofen","status":"publish","type":"page","link":"https:\/\/kaminbau-bautzen.de\/?page_id=31","title":{"rendered":"Grundofen"},"content":{"rendered":"\t\t<div data-elementor-type=\"wp-page\" data-elementor-id=\"31\" class=\"elementor elementor-31\" data-elementor-post-type=\"page\">\n\t\t\t\t<div class=\"elementor-element elementor-element-7ab9e68 e-con-full e-flex e-con e-parent\" data-id=\"7ab9e68\" data-element_type=\"container\" data-e-type=\"container\" data-settings=\"{&quot;background_background&quot;:&quot;slideshow&quot;,&quot;background_slideshow_gallery&quot;:[{&quot;id&quot;:141,&quot;url&quot;:&quot;https:\\\/\\\/kaminbau-bautzen.de\\\/wp-content\\\/uploads\\\/hero-001.jpg&quot;},{&quot;id&quot;:266,&quot;url&quot;:&quot;https:\\\/\\\/kaminbau-bautzen.de\\\/wp-content\\\/uploads\\\/hero-142.jpg&quot;},{&quot;id&quot;:264,&quot;url&quot;:&quot;https:\\\/\\\/kaminbau-bautzen.de\\\/wp-content\\\/uploads\\\/hero-082.jpg&quot;},{&quot;id&quot;:265,&quot;url&quot;:&quot;https:\\\/\\\/kaminbau-bautzen.de\\\/wp-content\\\/uploads\\\/hero-141.jpg&quot;},{&quot;id&quot;:267,&quot;url&quot;:&quot;https:\\\/\\\/kaminbau-bautzen.de\\\/wp-content\\\/uploads\\\/hero-058.jpg&quot;},{&quot;id&quot;:263,&quot;url&quot;:&quot;https:\\\/\\\/kaminbau-bautzen.de\\\/wp-content\\\/uploads\\\/hero-002.jpg&quot;}],&quot;background_slideshow_ken_burns&quot;:&quot;yes&quot;,&quot;background_slideshow_loop&quot;:&quot;yes&quot;,&quot;background_slideshow_slide_duration&quot;:5000,&quot;background_slideshow_slide_transition&quot;:&quot;fade&quot;,&quot;background_slideshow_transition_duration&quot;:500,&quot;background_slideshow_ken_burns_zoom_direction&quot;:&quot;in&quot;}\">\n\t\t<div class=\"elementor-element elementor-element-6c90457 e-flex e-con-boxed e-con e-child\" data-id=\"6c90457\" data-element_type=\"container\" data-e-type=\"container\">\n\t\t\t\t\t<div class=\"e-con-inner\">\n\t\t<div class=\"elementor-element elementor-element-3b77ea5 e-con-full e-flex e-con e-child\" data-id=\"3b77ea5\" data-element_type=\"container\" data-e-type=\"container\" data-settings=\"{&quot;background_background&quot;:&quot;classic&quot;}\">\n\t\t\t\t<div class=\"elementor-element elementor-element-114afa3 elementor-widget elementor-widget-heading\" data-id=\"114afa3\" data-element_type=\"widget\" data-e-type=\"widget\" data-widget_type=\"heading.default\">\n\t\t\t\t\t<h2 class=\"elementor-heading-title elementor-size-default\">Kachelofenbau Marschner<\/h2>\t\t\t\t<\/div>\n\t\t\t\t<div class=\"elementor-element elementor-element-c5e8f26 elementor-widget elementor-widget-heading\" data-id=\"c5e8f26\" data-element_type=\"widget\" data-e-type=\"widget\" data-widget_type=\"heading.default\">\n\t\t\t\t\t<h2 class=\"elementor-heading-title elementor-size-default\">Der Spezialist f\u00fcr Kachel\u00f6fen und Kaminbau in Schirgiswalde<\/h2>\t\t\t\t<\/div>\n\t\t\t\t<\/div>\n\t\t\t\t\t<\/div>\n\t\t\t\t<\/div>\n\t\t\t\t<\/div>\n\t\t<div class=\"elementor-element elementor-element-3348f51 e-flex e-con-boxed e-con e-parent\" data-id=\"3348f51\" data-element_type=\"container\" data-e-type=\"container\">\n\t\t\t\t\t<div class=\"e-con-inner\">\n\t\t\t\t<div class=\"elementor-element elementor-element-f92aae0 elementor-widget elementor-widget-heading\" data-id=\"f92aae0\" data-element_type=\"widget\" data-e-type=\"widget\" data-widget_type=\"heading.default\">\n\t\t\t\t\t<h2 class=\"elementor-heading-title elementor-size-default\">Grundofen<\/h2>\t\t\t\t<\/div>\n\t\t\t\t<div class=\"elementor-element elementor-element-553e3c3 elementor-widget elementor-widget-text-editor\" data-id=\"553e3c3\" data-element_type=\"widget\" data-e-type=\"widget\" data-widget_type=\"text-editor.default\">\n\t\t\t\t\t\t\t\t\t<p>Der Urtyp des Kachelofens &#8211; Er wird aus keramischen Speichermaterialien aufgebaut und funktioniert nach einem meisterlich berechnetem System. Durch seine hohe Speicherf\u00e4higkeit gibt der Grundofen die erzeugte W\u00e4rme \u00fcber Stunden als Strahlungsw\u00e4rme gleichm\u00e4\u00dfig an den Raum ab.<\/p><p>Strahlungsw\u00e4rme wird als sehr wohltuend empfunden und ist ges\u00fcnder als die W\u00e4rme, die mit Heizk\u00f6rpern erzielt wird, da die Strahlungsw\u00e4rme den Raum wie sanfte Sonnenstrahlen erw\u00e4rmen. Das sorgt f\u00fcr ein angenehmes Raumklima und eine besonders behagliche Wohnatmosph\u00e4re.<\/p><p>Wir beraten Sie fachlich, kompetent und fair. Fragen Sie uns.<\/p>\t\t\t\t\t\t\t\t<\/div>\n\t\t\t\t<div class=\"elementor-element elementor-element-9ef599b elementor-widget elementor-widget-gallery\" data-id=\"9ef599b\" data-element_type=\"widget\" data-e-type=\"widget\" data-settings=\"{&quot;gallery_layout&quot;:&quot;masonry&quot;,&quot;columns_tablet&quot;:5,&quot;columns_mobile&quot;:3,&quot;lazyload&quot;:&quot;yes&quot;,&quot;columns&quot;:4,&quot;gap&quot;:{&quot;unit&quot;:&quot;px&quot;,&quot;size&quot;:10,&quot;sizes&quot;:[]},&quot;gap_tablet&quot;:{&quot;unit&quot;:&quot;px&quot;,&quot;size&quot;:10,&quot;sizes&quot;:[]},&quot;gap_mobile&quot;:{&quot;unit&quot;:&quot;px&quot;,&quot;size&quot;:10,&quot;sizes&quot;:[]},&quot;link_to&quot;:&quot;file&quot;,&quot;overlay_background&quot;:&quot;yes&quot;,&quot;content_hover_animation&quot;:&quot;fade-in&quot;}\" data-widget_type=\"gallery.default\">\n\t\t\t\t\t\t\t<div class=\"elementor-gallery__container\">\n\t\t\t\t\t\t\t<a class=\"e-gallery-item elementor-gallery-item elementor-animated-content\" href=\"https:\/\/kaminbau-bautzen.de\/wp-content\/uploads\/2025-11-kachelofenbau-marschner-IMG_2264.jpg\" data-elementor-open-lightbox=\"yes\" data-elementor-lightbox-slideshow=\"9ef599b\" data-elementor-lightbox-title=\"2025-11-kachelofenbau-marschner-IMG_2264\" data-e-action-hash=\"#elementor-action%3Aaction%3Dlightbox%26settings%3DeyJpZCI6OTIsInVybCI6Imh0dHBzOlwvXC9rYW1pbmJhdS1iYXV0emVuLmRlXC93cC1jb250ZW50XC91cGxvYWRzXC8yMDI1LTExLWthY2hlbG9mZW5iYXUtbWFyc2NobmVyLUlNR18yMjY0LmpwZyIsInNsaWRlc2hvdyI6IjllZjU5OWIifQ%3D%3D\">\n\t\t\t\t\t<div class=\"e-gallery-image elementor-gallery-item__image\" data-thumbnail=\"https:\/\/kaminbau-bautzen.de\/wp-content\/uploads\/2025-11-kachelofenbau-marschner-IMG_2264.jpg\" data-width=\"540\" data-height=\"720\" aria-label=\"\" role=\"img\" ><\/div>\n\t\t\t\t\t\t\t\t\t\t\t<div class=\"elementor-gallery-item__overlay\"><\/div>\n\t\t\t\t\t\t\t\t\t\t\t\t\t\t<\/a>\n\t\t\t\t\t\t\t<a class=\"e-gallery-item elementor-gallery-item elementor-animated-content\" href=\"https:\/\/kaminbau-bautzen.de\/wp-content\/uploads\/2025-11-kachelofenbau-marschner-IMG_2258.jpg\" data-elementor-open-lightbox=\"yes\" data-elementor-lightbox-slideshow=\"9ef599b\" data-elementor-lightbox-title=\"2025-11-kachelofenbau-marschner-IMG_2258\" data-e-action-hash=\"#elementor-action%3Aaction%3Dlightbox%26settings%3DeyJpZCI6OTEsInVybCI6Imh0dHBzOlwvXC9rYW1pbmJhdS1iYXV0emVuLmRlXC93cC1jb250ZW50XC91cGxvYWRzXC8yMDI1LTExLWthY2hlbG9mZW5iYXUtbWFyc2NobmVyLUlNR18yMjU4LmpwZyIsInNsaWRlc2hvdyI6IjllZjU5OWIifQ%3D%3D\">\n\t\t\t\t\t<div class=\"e-gallery-image elementor-gallery-item__image\" data-thumbnail=\"https:\/\/kaminbau-bautzen.de\/wp-content\/uploads\/2025-11-kachelofenbau-marschner-IMG_2258.jpg\" data-width=\"540\" data-height=\"720\" aria-label=\"\" role=\"img\" ><\/div>\n\t\t\t\t\t\t\t\t\t\t\t<div class=\"elementor-gallery-item__overlay\"><\/div>\n\t\t\t\t\t\t\t\t\t\t\t\t\t\t<\/a>\n\t\t\t\t\t\t\t<a class=\"e-gallery-item elementor-gallery-item elementor-animated-content\" href=\"https:\/\/kaminbau-bautzen.de\/wp-content\/uploads\/2025-08-kachelofenbau-marschner-PHOTO-2025-01-11-14-15-33.jpg\" data-elementor-open-lightbox=\"yes\" data-elementor-lightbox-slideshow=\"9ef599b\" data-elementor-lightbox-title=\"2025-08-kachelofenbau-marschner-PHOTO-2025-01-11-14-15-33\" data-e-action-hash=\"#elementor-action%3Aaction%3Dlightbox%26settings%3DeyJpZCI6OTAsInVybCI6Imh0dHBzOlwvXC9rYW1pbmJhdS1iYXV0emVuLmRlXC93cC1jb250ZW50XC91cGxvYWRzXC8yMDI1LTA4LWthY2hlbG9mZW5iYXUtbWFyc2NobmVyLVBIT1RPLTIwMjUtMDEtMTEtMTQtMTUtMzMuanBnIiwic2xpZGVzaG93IjoiOWVmNTk5YiJ9\">\n\t\t\t\t\t<div class=\"e-gallery-image elementor-gallery-item__image\" data-thumbnail=\"https:\/\/kaminbau-bautzen.de\/wp-content\/uploads\/2025-08-kachelofenbau-marschner-PHOTO-2025-01-11-14-15-33.jpg\" data-width=\"540\" data-height=\"720\" aria-label=\"\" role=\"img\" ><\/div>\n\t\t\t\t\t\t\t\t\t\t\t<div class=\"elementor-gallery-item__overlay\"><\/div>\n\t\t\t\t\t\t\t\t\t\t\t\t\t\t<\/a>\n\t\t\t\t\t\t\t<a class=\"e-gallery-item elementor-gallery-item elementor-animated-content\" href=\"https:\/\/kaminbau-bautzen.de\/wp-content\/uploads\/2025-08-kachelofenbau-marschner-IMG_3586.jpg\" data-elementor-open-lightbox=\"yes\" data-elementor-lightbox-slideshow=\"9ef599b\" data-elementor-lightbox-title=\"2025-08-kachelofenbau-marschner-IMG_3586\" data-e-action-hash=\"#elementor-action%3Aaction%3Dlightbox%26settings%3DeyJpZCI6ODksInVybCI6Imh0dHBzOlwvXC9rYW1pbmJhdS1iYXV0emVuLmRlXC93cC1jb250ZW50XC91cGxvYWRzXC8yMDI1LTA4LWthY2hlbG9mZW5iYXUtbWFyc2NobmVyLUlNR18zNTg2LmpwZyIsInNsaWRlc2hvdyI6IjllZjU5OWIifQ%3D%3D\">\n\t\t\t\t\t<div class=\"e-gallery-image elementor-gallery-item__image\" data-thumbnail=\"https:\/\/kaminbau-bautzen.de\/wp-content\/uploads\/2025-08-kachelofenbau-marschner-IMG_3586-768x576.jpg\" data-width=\"768\" data-height=\"576\" aria-label=\"\" role=\"img\" ><\/div>\n\t\t\t\t\t\t\t\t\t\t\t<div class=\"elementor-gallery-item__overlay\"><\/div>\n\t\t\t\t\t\t\t\t\t\t\t\t\t\t<\/a>\n\t\t\t\t\t\t\t<a class=\"e-gallery-item elementor-gallery-item elementor-animated-content\" href=\"https:\/\/kaminbau-bautzen.de\/wp-content\/uploads\/2025-08-kachelofenbau-marschner-IMG_3427.jpg\" data-elementor-open-lightbox=\"yes\" data-elementor-lightbox-slideshow=\"9ef599b\" data-elementor-lightbox-title=\"2025-08-kachelofenbau-marschner-IMG_3427\" data-e-action-hash=\"#elementor-action%3Aaction%3Dlightbox%26settings%3DeyJpZCI6ODgsInVybCI6Imh0dHBzOlwvXC9rYW1pbmJhdS1iYXV0emVuLmRlXC93cC1jb250ZW50XC91cGxvYWRzXC8yMDI1LTA4LWthY2hlbG9mZW5iYXUtbWFyc2NobmVyLUlNR18zNDI3LmpwZyIsInNsaWRlc2hvdyI6IjllZjU5OWIifQ%3D%3D\">\n\t\t\t\t\t<div class=\"e-gallery-image elementor-gallery-item__image\" data-thumbnail=\"https:\/\/kaminbau-bautzen.de\/wp-content\/uploads\/2025-08-kachelofenbau-marschner-IMG_3427.jpg\" data-width=\"540\" data-height=\"720\" aria-label=\"\" role=\"img\" ><\/div>\n\t\t\t\t\t\t\t\t\t\t\t<div class=\"elementor-gallery-item__overlay\"><\/div>\n\t\t\t\t\t\t\t\t\t\t\t\t\t\t<\/a>\n\t\t\t\t\t\t\t<a class=\"e-gallery-item elementor-gallery-item elementor-animated-content\" href=\"https:\/\/kaminbau-bautzen.de\/wp-content\/uploads\/2025-08-kachelofenbau-marschner-IMG_3240.jpg\" data-elementor-open-lightbox=\"yes\" data-elementor-lightbox-slideshow=\"9ef599b\" data-elementor-lightbox-title=\"2025-08-kachelofenbau-marschner-IMG_3240\" data-e-action-hash=\"#elementor-action%3Aaction%3Dlightbox%26settings%3DeyJpZCI6ODcsInVybCI6Imh0dHBzOlwvXC9rYW1pbmJhdS1iYXV0emVuLmRlXC93cC1jb250ZW50XC91cGxvYWRzXC8yMDI1LTA4LWthY2hlbG9mZW5iYXUtbWFyc2NobmVyLUlNR18zMjQwLmpwZyIsInNsaWRlc2hvdyI6IjllZjU5OWIifQ%3D%3D\">\n\t\t\t\t\t<div class=\"e-gallery-image elementor-gallery-item__image\" data-thumbnail=\"https:\/\/kaminbau-bautzen.de\/wp-content\/uploads\/2025-08-kachelofenbau-marschner-IMG_3240.jpg\" data-width=\"540\" data-height=\"720\" aria-label=\"\" role=\"img\" ><\/div>\n\t\t\t\t\t\t\t\t\t\t\t<div class=\"elementor-gallery-item__overlay\"><\/div>\n\t\t\t\t\t\t\t\t\t\t\t\t\t\t<\/a>\n\t\t\t\t\t\t\t<a class=\"e-gallery-item elementor-gallery-item elementor-animated-content\" href=\"https:\/\/kaminbau-bautzen.de\/wp-content\/uploads\/2025-08-kachelofenbau-marschner-IMG_3022.jpg\" data-elementor-open-lightbox=\"yes\" data-elementor-lightbox-slideshow=\"9ef599b\" data-elementor-lightbox-title=\"2025-08-kachelofenbau-marschner-IMG_3022\" data-e-action-hash=\"#elementor-action%3Aaction%3Dlightbox%26settings%3DeyJpZCI6ODYsInVybCI6Imh0dHBzOlwvXC9rYW1pbmJhdS1iYXV0emVuLmRlXC93cC1jb250ZW50XC91cGxvYWRzXC8yMDI1LTA4LWthY2hlbG9mZW5iYXUtbWFyc2NobmVyLUlNR18zMDIyLmpwZyIsInNsaWRlc2hvdyI6IjllZjU5OWIifQ%3D%3D\">\n\t\t\t\t\t<div class=\"e-gallery-image elementor-gallery-item__image\" data-thumbnail=\"https:\/\/kaminbau-bautzen.de\/wp-content\/uploads\/2025-08-kachelofenbau-marschner-IMG_3022.jpg\" data-width=\"540\" data-height=\"720\" aria-label=\"\" role=\"img\" ><\/div>\n\t\t\t\t\t\t\t\t\t\t\t<div class=\"elementor-gallery-item__overlay\"><\/div>\n\t\t\t\t\t\t\t\t\t\t\t\t\t\t<\/a>\n\t\t\t\t\t\t\t<a class=\"e-gallery-item elementor-gallery-item elementor-animated-content\" href=\"https:\/\/kaminbau-bautzen.de\/wp-content\/uploads\/2025-08-kachelofenbau-marschner-IMG_2811.jpg\" data-elementor-open-lightbox=\"yes\" data-elementor-lightbox-slideshow=\"9ef599b\" data-elementor-lightbox-title=\"2025-08-kachelofenbau-marschner-IMG_2811\" data-e-action-hash=\"#elementor-action%3Aaction%3Dlightbox%26settings%3DeyJpZCI6ODUsInVybCI6Imh0dHBzOlwvXC9rYW1pbmJhdS1iYXV0emVuLmRlXC93cC1jb250ZW50XC91cGxvYWRzXC8yMDI1LTA4LWthY2hlbG9mZW5iYXUtbWFyc2NobmVyLUlNR18yODExLmpwZyIsInNsaWRlc2hvdyI6IjllZjU5OWIifQ%3D%3D\">\n\t\t\t\t\t<div class=\"e-gallery-image elementor-gallery-item__image\" data-thumbnail=\"https:\/\/kaminbau-bautzen.de\/wp-content\/uploads\/2025-08-kachelofenbau-marschner-IMG_2811.jpg\" data-width=\"540\" data-height=\"720\" aria-label=\"\" role=\"img\" ><\/div>\n\t\t\t\t\t\t\t\t\t\t\t<div class=\"elementor-gallery-item__overlay\"><\/div>\n\t\t\t\t\t\t\t\t\t\t\t\t\t\t<\/a>\n\t\t\t\t\t\t\t<a class=\"e-gallery-item elementor-gallery-item elementor-animated-content\" href=\"https:\/\/kaminbau-bautzen.de\/wp-content\/uploads\/2025-08-kachelofenbau-marschner-IMG_2702.jpg\" data-elementor-open-lightbox=\"yes\" data-elementor-lightbox-slideshow=\"9ef599b\" data-elementor-lightbox-title=\"2025-08-kachelofenbau-marschner-IMG_2702\" data-e-action-hash=\"#elementor-action%3Aaction%3Dlightbox%26settings%3DeyJpZCI6ODQsInVybCI6Imh0dHBzOlwvXC9rYW1pbmJhdS1iYXV0emVuLmRlXC93cC1jb250ZW50XC91cGxvYWRzXC8yMDI1LTA4LWthY2hlbG9mZW5iYXUtbWFyc2NobmVyLUlNR18yNzAyLmpwZyIsInNsaWRlc2hvdyI6IjllZjU5OWIifQ%3D%3D\">\n\t\t\t\t\t<div class=\"e-gallery-image elementor-gallery-item__image\" data-thumbnail=\"https:\/\/kaminbau-bautzen.de\/wp-content\/uploads\/2025-08-kachelofenbau-marschner-IMG_2702.jpg\" data-width=\"540\" data-height=\"720\" aria-label=\"\" role=\"img\" ><\/div>\n\t\t\t\t\t\t\t\t\t\t\t<div class=\"elementor-gallery-item__overlay\"><\/div>\n\t\t\t\t\t\t\t\t\t\t\t\t\t\t<\/a>\n\t\t\t\t\t\t\t<a class=\"e-gallery-item elementor-gallery-item elementor-animated-content\" href=\"https:\/\/kaminbau-bautzen.de\/wp-content\/uploads\/2025-08-kachelofenbau-marschner-IMG_1122.jpg\" data-elementor-open-lightbox=\"yes\" data-elementor-lightbox-slideshow=\"9ef599b\" data-elementor-lightbox-title=\"2025-08-kachelofenbau-marschner-IMG_1122\" data-e-action-hash=\"#elementor-action%3Aaction%3Dlightbox%26settings%3DeyJpZCI6ODMsInVybCI6Imh0dHBzOlwvXC9rYW1pbmJhdS1iYXV0emVuLmRlXC93cC1jb250ZW50XC91cGxvYWRzXC8yMDI1LTA4LWthY2hlbG9mZW5iYXUtbWFyc2NobmVyLUlNR18xMTIyLmpwZyIsInNsaWRlc2hvdyI6IjllZjU5OWIifQ%3D%3D\">\n\t\t\t\t\t<div class=\"e-gallery-image elementor-gallery-item__image\" data-thumbnail=\"https:\/\/kaminbau-bautzen.de\/wp-content\/uploads\/2025-08-kachelofenbau-marschner-IMG_1122-768x576.jpg\" data-width=\"768\" data-height=\"576\" aria-label=\"\" role=\"img\" ><\/div>\n\t\t\t\t\t\t\t\t\t\t\t<div class=\"elementor-gallery-item__overlay\"><\/div>\n\t\t\t\t\t\t\t\t\t\t\t\t\t\t<\/a>\n\t\t\t\t\t\t\t<a class=\"e-gallery-item elementor-gallery-item elementor-animated-content\" href=\"https:\/\/kaminbau-bautzen.de\/wp-content\/uploads\/2025-08-kachelofenbau-marschner-IMG_0470.jpg\" data-elementor-open-lightbox=\"yes\" data-elementor-lightbox-slideshow=\"9ef599b\" data-elementor-lightbox-title=\"2025-08-kachelofenbau-marschner-IMG_0470\" data-e-action-hash=\"#elementor-action%3Aaction%3Dlightbox%26settings%3DeyJpZCI6ODIsInVybCI6Imh0dHBzOlwvXC9rYW1pbmJhdS1iYXV0emVuLmRlXC93cC1jb250ZW50XC91cGxvYWRzXC8yMDI1LTA4LWthY2hlbG9mZW5iYXUtbWFyc2NobmVyLUlNR18wNDcwLmpwZyIsInNsaWRlc2hvdyI6IjllZjU5OWIifQ%3D%3D\">\n\t\t\t\t\t<div class=\"e-gallery-image elementor-gallery-item__image\" data-thumbnail=\"https:\/\/kaminbau-bautzen.de\/wp-content\/uploads\/2025-08-kachelofenbau-marschner-IMG_0470-768x576.jpg\" data-width=\"768\" data-height=\"576\" aria-label=\"\" role=\"img\" ><\/div>\n\t\t\t\t\t\t\t\t\t\t\t<div class=\"elementor-gallery-item__overlay\"><\/div>\n\t\t\t\t\t\t\t\t\t\t\t\t\t\t<\/a>\n\t\t\t\t\t\t\t<a class=\"e-gallery-item elementor-gallery-item elementor-animated-content\" href=\"https:\/\/kaminbau-bautzen.de\/wp-content\/uploads\/2018-ofenbau-marschner-2018_img_1253.jpg\" data-elementor-open-lightbox=\"yes\" data-elementor-lightbox-slideshow=\"9ef599b\" data-elementor-lightbox-title=\"2018-ofenbau-marschner-2018_img_1253\" data-e-action-hash=\"#elementor-action%3Aaction%3Dlightbox%26settings%3DeyJpZCI6ODEsInVybCI6Imh0dHBzOlwvXC9rYW1pbmJhdS1iYXV0emVuLmRlXC93cC1jb250ZW50XC91cGxvYWRzXC8yMDE4LW9mZW5iYXUtbWFyc2NobmVyLTIwMThfaW1nXzEyNTMuanBnIiwic2xpZGVzaG93IjoiOWVmNTk5YiJ9\">\n\t\t\t\t\t<div class=\"e-gallery-image elementor-gallery-item__image\" data-thumbnail=\"https:\/\/kaminbau-bautzen.de\/wp-content\/uploads\/2018-ofenbau-marschner-2018_img_1253.jpg\" data-width=\"480\" data-height=\"640\" aria-label=\"\" role=\"img\" ><\/div>\n\t\t\t\t\t\t\t\t\t\t\t<div class=\"elementor-gallery-item__overlay\"><\/div>\n\t\t\t\t\t\t\t\t\t\t\t\t\t\t<\/a>\n\t\t\t\t\t\t\t<a class=\"e-gallery-item elementor-gallery-item elementor-animated-content\" href=\"https:\/\/kaminbau-bautzen.de\/wp-content\/uploads\/2018-ofenbau-marschner-2018_img_1251.jpg\" data-elementor-open-lightbox=\"yes\" data-elementor-lightbox-slideshow=\"9ef599b\" data-elementor-lightbox-title=\"2018-ofenbau-marschner-2018_img_1251\" data-e-action-hash=\"#elementor-action%3Aaction%3Dlightbox%26settings%3DeyJpZCI6ODAsInVybCI6Imh0dHBzOlwvXC9rYW1pbmJhdS1iYXV0emVuLmRlXC93cC1jb250ZW50XC91cGxvYWRzXC8yMDE4LW9mZW5iYXUtbWFyc2NobmVyLTIwMThfaW1nXzEyNTEuanBnIiwic2xpZGVzaG93IjoiOWVmNTk5YiJ9\">\n\t\t\t\t\t<div class=\"e-gallery-image elementor-gallery-item__image\" data-thumbnail=\"https:\/\/kaminbau-bautzen.de\/wp-content\/uploads\/2018-ofenbau-marschner-2018_img_1251.jpg\" data-width=\"480\" data-height=\"640\" aria-label=\"\" role=\"img\" ><\/div>\n\t\t\t\t\t\t\t\t\t\t\t<div class=\"elementor-gallery-item__overlay\"><\/div>\n\t\t\t\t\t\t\t\t\t\t\t\t\t\t<\/a>\n\t\t\t\t\t\t\t<a class=\"e-gallery-item elementor-gallery-item elementor-animated-content\" href=\"https:\/\/kaminbau-bautzen.de\/wp-content\/uploads\/2018-kaminbau-marschner-2018_img_0810.jpg\" data-elementor-open-lightbox=\"yes\" data-elementor-lightbox-slideshow=\"9ef599b\" data-elementor-lightbox-title=\"2018-kaminbau-marschner-2018_img_0810\" data-e-action-hash=\"#elementor-action%3Aaction%3Dlightbox%26settings%3DeyJpZCI6NzksInVybCI6Imh0dHBzOlwvXC9rYW1pbmJhdS1iYXV0emVuLmRlXC93cC1jb250ZW50XC91cGxvYWRzXC8yMDE4LWthbWluYmF1LW1hcnNjaG5lci0yMDE4X2ltZ18wODEwLmpwZyIsInNsaWRlc2hvdyI6IjllZjU5OWIifQ%3D%3D\">\n\t\t\t\t\t<div class=\"e-gallery-image elementor-gallery-item__image\" data-thumbnail=\"https:\/\/kaminbau-bautzen.de\/wp-content\/uploads\/2018-kaminbau-marschner-2018_img_0810.jpg\" data-width=\"480\" data-height=\"640\" aria-label=\"\" role=\"img\" ><\/div>\n\t\t\t\t\t\t\t\t\t\t\t<div class=\"elementor-gallery-item__overlay\"><\/div>\n\t\t\t\t\t\t\t\t\t\t\t\t\t\t<\/a>\n\t\t\t\t\t\t\t<a class=\"e-gallery-item elementor-gallery-item elementor-animated-content\" href=\"https:\/\/kaminbau-bautzen.de\/wp-content\/uploads\/2018-kaminbau-marschner-2018_img_0779.jpg\" data-elementor-open-lightbox=\"yes\" data-elementor-lightbox-slideshow=\"9ef599b\" data-elementor-lightbox-title=\"2018-kaminbau-marschner-2018_img_0779\" data-e-action-hash=\"#elementor-action%3Aaction%3Dlightbox%26settings%3DeyJpZCI6NzgsInVybCI6Imh0dHBzOlwvXC9rYW1pbmJhdS1iYXV0emVuLmRlXC93cC1jb250ZW50XC91cGxvYWRzXC8yMDE4LWthbWluYmF1LW1hcnNjaG5lci0yMDE4X2ltZ18wNzc5LmpwZyIsInNsaWRlc2hvdyI6IjllZjU5OWIifQ%3D%3D\">\n\t\t\t\t\t<div class=\"e-gallery-image elementor-gallery-item__image\" data-thumbnail=\"https:\/\/kaminbau-bautzen.de\/wp-content\/uploads\/2018-kaminbau-marschner-2018_img_0779.jpg\" data-width=\"480\" data-height=\"640\" aria-label=\"\" role=\"img\" ><\/div>\n\t\t\t\t\t\t\t\t\t\t\t<div class=\"elementor-gallery-item__overlay\"><\/div>\n\t\t\t\t\t\t\t\t\t\t\t\t\t\t<\/a>\n\t\t\t\t\t\t\t<a class=\"e-gallery-item elementor-gallery-item elementor-animated-content\" href=\"https:\/\/kaminbau-bautzen.de\/wp-content\/uploads\/2018-kaminbau-marschner-2018_img_0777.jpg\" data-elementor-open-lightbox=\"yes\" data-elementor-lightbox-slideshow=\"9ef599b\" data-elementor-lightbox-title=\"2018-kaminbau-marschner-2018_img_0777\" data-e-action-hash=\"#elementor-action%3Aaction%3Dlightbox%26settings%3DeyJpZCI6NzcsInVybCI6Imh0dHBzOlwvXC9rYW1pbmJhdS1iYXV0emVuLmRlXC93cC1jb250ZW50XC91cGxvYWRzXC8yMDE4LWthbWluYmF1LW1hcnNjaG5lci0yMDE4X2ltZ18wNzc3LmpwZyIsInNsaWRlc2hvdyI6IjllZjU5OWIifQ%3D%3D\">\n\t\t\t\t\t<div class=\"e-gallery-image elementor-gallery-item__image\" data-thumbnail=\"https:\/\/kaminbau-bautzen.de\/wp-content\/uploads\/2018-kaminbau-marschner-2018_img_0777.jpg\" data-width=\"480\" data-height=\"640\" aria-label=\"\" role=\"img\" ><\/div>\n\t\t\t\t\t\t\t\t\t\t\t<div class=\"elementor-gallery-item__overlay\"><\/div>\n\t\t\t\t\t\t\t\t\t\t\t\t\t\t<\/a>\n\t\t\t\t\t\t\t<a class=\"e-gallery-item elementor-gallery-item elementor-animated-content\" href=\"https:\/\/kaminbau-bautzen.de\/wp-content\/uploads\/2018-16_3_1.jpg\" data-elementor-open-lightbox=\"yes\" data-elementor-lightbox-slideshow=\"9ef599b\" data-elementor-lightbox-title=\"2018-16_3_1\" data-e-action-hash=\"#elementor-action%3Aaction%3Dlightbox%26settings%3DeyJpZCI6NzYsInVybCI6Imh0dHBzOlwvXC9rYW1pbmJhdS1iYXV0emVuLmRlXC93cC1jb250ZW50XC91cGxvYWRzXC8yMDE4LTE2XzNfMS5qcGciLCJzbGlkZXNob3ciOiI5ZWY1OTliIn0%3D\">\n\t\t\t\t\t<div class=\"e-gallery-image elementor-gallery-item__image\" data-thumbnail=\"https:\/\/kaminbau-bautzen.de\/wp-content\/uploads\/2018-16_3_1.jpg\" data-width=\"600\" data-height=\"800\" aria-label=\"\" role=\"img\" ><\/div>\n\t\t\t\t\t\t\t\t\t\t\t<div class=\"elementor-gallery-item__overlay\"><\/div>\n\t\t\t\t\t\t\t\t\t\t\t\t\t\t<\/a>\n\t\t\t\t\t<\/div>\n\t\t\t\t\t<\/div>\n\t\t\t\t\t<\/div>\n\t\t\t\t<\/div>\n\t\t\t\t<\/div>\n\t\t","protected":false},"excerpt":{"rendered":"<p>Kachelofenbau Marschner Der Spezialist f\u00fcr Kachel\u00f6fen und Kaminbau in Schirgiswalde Grundofen Der Urtyp des Kachelofens &#8211; Er wird aus keramischen Speichermaterialien aufgebaut und funktioniert nach einem meisterlich berechnetem System. Durch seine hohe Speicherf\u00e4higkeit gibt der Grundofen die erzeugte W\u00e4rme \u00fcber Stunden als Strahlungsw\u00e4rme gleichm\u00e4\u00dfig an den Raum ab. Strahlungsw\u00e4rme wird als sehr wohltuend empfunden und [&hellip;]<\/p>\n","protected":false},"author":2,"featured_media":0,"parent":0,"menu_order":0,"comment_status":"closed","ping_status":"closed","template":"","meta":{"footnotes":""},"class_list":["post-31","page","type-page","status-publish","hentry"],"_links":{"self":[{"href":"https:\/\/kaminbau-bautzen.de\/index.php?rest_route=\/wp\/v2\/pages\/31","targetHints":{"allow":["GET"]}}],"collection":[{"href":"https:\/\/kaminbau-bautzen.de\/index.php?rest_route=\/wp\/v2\/pages"}],"about":[{"href":"https:\/\/kaminbau-bautzen.de\/index.php?rest_route=\/wp\/v2\/types\/page"}],"author":[{"embeddable":true,"href":"https:\/\/kaminbau-bautzen.de\/index.php?rest_route=\/wp\/v2\/users\/2"}],"replies":[{"embeddable":true,"href":"https:\/\/kaminbau-bautzen.de\/index.php?rest_route=%2Fwp%2Fv2%2Fcomments&post=31"}],"version-history":[{"count":49,"href":"https:\/\/kaminbau-bautzen.de\/index.php?rest_route=\/wp\/v2\/pages\/31\/revisions"}],"predecessor-version":[{"id":279,"href":"https:\/\/kaminbau-bautzen.de\/index.php?rest_route=\/wp\/v2\/pages\/31\/revisions\/279"}],"wp:attachment":[{"href":"https:\/\/kaminbau-bautzen.de\/index.php?rest_route=%2Fwp%2Fv2%2Fmedia&parent=31"}],"curies":[{"name":"wp","href":"https:\/\/api.w.org\/{rel}","templated":true}]}}