{"id":41,"date":"2026-04-08T14:11:18","date_gmt":"2026-04-08T14:11:18","guid":{"rendered":"https:\/\/kaminbau-bautzen.webhost.city-map.com\/?page_id=41"},"modified":"2026-04-21T23:46:21","modified_gmt":"2026-04-21T23:46:21","slug":"kamin","status":"publish","type":"page","link":"https:\/\/kaminbau-bautzen.de\/?page_id=41","title":{"rendered":"Kamin"},"content":{"rendered":"\t\t<div data-elementor-type=\"wp-page\" data-elementor-id=\"41\" class=\"elementor elementor-41\" data-elementor-post-type=\"page\">\n\t\t\t\t<div class=\"elementor-element elementor-element-77763d7 e-con-full e-flex e-con e-parent\" data-id=\"77763d7\" data-element_type=\"container\" data-e-type=\"container\" data-settings=\"{&quot;background_background&quot;:&quot;slideshow&quot;,&quot;background_slideshow_gallery&quot;:[{&quot;id&quot;:141,&quot;url&quot;:&quot;https:\\\/\\\/kaminbau-bautzen.de\\\/wp-content\\\/uploads\\\/hero-001.jpg&quot;},{&quot;id&quot;:266,&quot;url&quot;:&quot;https:\\\/\\\/kaminbau-bautzen.de\\\/wp-content\\\/uploads\\\/hero-142.jpg&quot;},{&quot;id&quot;:264,&quot;url&quot;:&quot;https:\\\/\\\/kaminbau-bautzen.de\\\/wp-content\\\/uploads\\\/hero-082.jpg&quot;},{&quot;id&quot;:265,&quot;url&quot;:&quot;https:\\\/\\\/kaminbau-bautzen.de\\\/wp-content\\\/uploads\\\/hero-141.jpg&quot;},{&quot;id&quot;:267,&quot;url&quot;:&quot;https:\\\/\\\/kaminbau-bautzen.de\\\/wp-content\\\/uploads\\\/hero-058.jpg&quot;},{&quot;id&quot;:263,&quot;url&quot;:&quot;https:\\\/\\\/kaminbau-bautzen.de\\\/wp-content\\\/uploads\\\/hero-002.jpg&quot;}],&quot;background_slideshow_ken_burns&quot;:&quot;yes&quot;,&quot;background_slideshow_loop&quot;:&quot;yes&quot;,&quot;background_slideshow_slide_duration&quot;:5000,&quot;background_slideshow_slide_transition&quot;:&quot;fade&quot;,&quot;background_slideshow_transition_duration&quot;:500,&quot;background_slideshow_ken_burns_zoom_direction&quot;:&quot;in&quot;}\">\n\t\t<div class=\"elementor-element elementor-element-7947e86 e-flex e-con-boxed e-con e-child\" data-id=\"7947e86\" data-element_type=\"container\" data-e-type=\"container\">\n\t\t\t\t\t<div class=\"e-con-inner\">\n\t\t<div class=\"elementor-element elementor-element-bc8b052 e-con-full e-flex e-con e-child\" data-id=\"bc8b052\" data-element_type=\"container\" data-e-type=\"container\" data-settings=\"{&quot;background_background&quot;:&quot;classic&quot;}\">\n\t\t\t\t<div class=\"elementor-element elementor-element-7e738d1 elementor-widget elementor-widget-heading\" data-id=\"7e738d1\" data-element_type=\"widget\" data-e-type=\"widget\" data-widget_type=\"heading.default\">\n\t\t\t\t\t<h2 class=\"elementor-heading-title elementor-size-default\">Kachelofenbau Marschner<\/h2>\t\t\t\t<\/div>\n\t\t\t\t<div class=\"elementor-element elementor-element-548a57a elementor-widget elementor-widget-heading\" data-id=\"548a57a\" data-element_type=\"widget\" data-e-type=\"widget\" data-widget_type=\"heading.default\">\n\t\t\t\t\t<h2 class=\"elementor-heading-title elementor-size-default\">Der Spezialist f\u00fcr Kachel\u00f6fen und Kaminbau in Schirgiswalde<\/h2>\t\t\t\t<\/div>\n\t\t\t\t<\/div>\n\t\t\t\t\t<\/div>\n\t\t\t\t<\/div>\n\t\t\t\t<\/div>\n\t\t<div class=\"elementor-element elementor-element-0117195 e-flex e-con-boxed e-con e-parent\" data-id=\"0117195\" data-element_type=\"container\" data-e-type=\"container\">\n\t\t\t\t\t<div class=\"e-con-inner\">\n\t\t\t\t<div class=\"elementor-element elementor-element-8369f44 elementor-widget elementor-widget-heading\" data-id=\"8369f44\" data-element_type=\"widget\" data-e-type=\"widget\" data-widget_type=\"heading.default\">\n\t\t\t\t\t<h2 class=\"elementor-heading-title elementor-size-default\">Kamine \/ Kamin\u00f6fen<\/h2>\t\t\t\t<\/div>\n\t\t\t\t<div class=\"elementor-element elementor-element-e841c4a elementor-widget elementor-widget-text-editor\" data-id=\"e841c4a\" data-element_type=\"widget\" data-e-type=\"widget\" data-widget_type=\"text-editor.default\">\n\t\t\t\t\t\t\t\t\t<p>Kamine haben im Unterschied zum Kachelofen gro\u00dfe Sichtscheiben, durch diese man ein loderndes Flammenspiel genie\u00dfen kann. Die W\u00e4rmeabgabe erfolgt schnell, \u00e4hnlich wie beim Warmluftofen. Ein Teil der W\u00e4rme wird indirekt als Strahlungsw\u00e4rme \u00fcber die Kachel oder Putzoberfl\u00e4chen abgegeben.<\/p><p>Kamin\u00f6fen vermitteln mit ihrem originellem Design urige Lagerfeuerromantik.<\/p><p>Wir beraten Sie fachlich, kompetent und fair. Fragen Sie uns.<\/p>\t\t\t\t\t\t\t\t<\/div>\n\t\t\t\t<div class=\"elementor-element elementor-element-4bcf9fb elementor-widget elementor-widget-gallery\" data-id=\"4bcf9fb\" data-element_type=\"widget\" data-e-type=\"widget\" data-settings=\"{&quot;gallery_layout&quot;:&quot;masonry&quot;,&quot;columns_tablet&quot;:5,&quot;columns_mobile&quot;:3,&quot;lazyload&quot;:&quot;yes&quot;,&quot;columns&quot;:4,&quot;gap&quot;:{&quot;unit&quot;:&quot;px&quot;,&quot;size&quot;:10,&quot;sizes&quot;:[]},&quot;gap_tablet&quot;:{&quot;unit&quot;:&quot;px&quot;,&quot;size&quot;:10,&quot;sizes&quot;:[]},&quot;gap_mobile&quot;:{&quot;unit&quot;:&quot;px&quot;,&quot;size&quot;:10,&quot;sizes&quot;:[]},&quot;link_to&quot;:&quot;file&quot;,&quot;overlay_background&quot;:&quot;yes&quot;,&quot;content_hover_animation&quot;:&quot;fade-in&quot;}\" data-widget_type=\"gallery.default\">\n\t\t\t\t\t\t\t<div class=\"elementor-gallery__container\">\n\t\t\t\t\t\t\t<a class=\"e-gallery-item elementor-gallery-item elementor-animated-content\" href=\"https:\/\/kaminbau-bautzen.de\/wp-content\/uploads\/2018-16_4.jpg\" data-elementor-open-lightbox=\"yes\" data-elementor-lightbox-slideshow=\"4bcf9fb\" data-elementor-lightbox-title=\"2018-16_4\" data-e-action-hash=\"#elementor-action%3Aaction%3Dlightbox%26settings%3DeyJpZCI6MTIxLCJ1cmwiOiJodHRwczpcL1wva2FtaW5iYXUtYmF1dHplbi5kZVwvd3AtY29udGVudFwvdXBsb2Fkc1wvMjAxOC0xNl80LmpwZyIsInNsaWRlc2hvdyI6IjRiY2Y5ZmIifQ%3D%3D\">\n\t\t\t\t\t<div class=\"e-gallery-image elementor-gallery-item__image\" data-thumbnail=\"https:\/\/kaminbau-bautzen.de\/wp-content\/uploads\/2018-16_4.jpg\" data-width=\"600\" data-height=\"800\" aria-label=\"\" role=\"img\" ><\/div>\n\t\t\t\t\t\t\t\t\t\t\t<div class=\"elementor-gallery-item__overlay\"><\/div>\n\t\t\t\t\t\t\t\t\t\t\t\t\t\t<\/a>\n\t\t\t\t\t\t\t<a class=\"e-gallery-item elementor-gallery-item elementor-animated-content\" href=\"https:\/\/kaminbau-bautzen.de\/wp-content\/uploads\/2018-16_3.jpg\" data-elementor-open-lightbox=\"yes\" data-elementor-lightbox-slideshow=\"4bcf9fb\" data-elementor-lightbox-title=\"2018-16_3\" data-e-action-hash=\"#elementor-action%3Aaction%3Dlightbox%26settings%3DeyJpZCI6MTIwLCJ1cmwiOiJodHRwczpcL1wva2FtaW5iYXUtYmF1dHplbi5kZVwvd3AtY29udGVudFwvdXBsb2Fkc1wvMjAxOC0xNl8zLmpwZyIsInNsaWRlc2hvdyI6IjRiY2Y5ZmIifQ%3D%3D\">\n\t\t\t\t\t<div class=\"e-gallery-image elementor-gallery-item__image\" data-thumbnail=\"https:\/\/kaminbau-bautzen.de\/wp-content\/uploads\/2018-16_3.jpg\" data-width=\"600\" data-height=\"800\" aria-label=\"\" role=\"img\" ><\/div>\n\t\t\t\t\t\t\t\t\t\t\t<div class=\"elementor-gallery-item__overlay\"><\/div>\n\t\t\t\t\t\t\t\t\t\t\t\t\t\t<\/a>\n\t\t\t\t\t\t\t<a class=\"e-gallery-item elementor-gallery-item elementor-animated-content\" href=\"https:\/\/kaminbau-bautzen.de\/wp-content\/uploads\/2018-16_2_2.jpg\" data-elementor-open-lightbox=\"yes\" data-elementor-lightbox-slideshow=\"4bcf9fb\" data-elementor-lightbox-title=\"2018-16_2_2\" data-e-action-hash=\"#elementor-action%3Aaction%3Dlightbox%26settings%3DeyJpZCI6MTE5LCJ1cmwiOiJodHRwczpcL1wva2FtaW5iYXUtYmF1dHplbi5kZVwvd3AtY29udGVudFwvdXBsb2Fkc1wvMjAxOC0xNl8yXzIuanBnIiwic2xpZGVzaG93IjoiNGJjZjlmYiJ9\">\n\t\t\t\t\t<div class=\"e-gallery-image elementor-gallery-item__image\" data-thumbnail=\"https:\/\/kaminbau-bautzen.de\/wp-content\/uploads\/2018-16_2_2-768x576.jpg\" data-width=\"768\" data-height=\"576\" aria-label=\"\" role=\"img\" ><\/div>\n\t\t\t\t\t\t\t\t\t\t\t<div class=\"elementor-gallery-item__overlay\"><\/div>\n\t\t\t\t\t\t\t\t\t\t\t\t\t\t<\/a>\n\t\t\t\t\t\t\t<a class=\"e-gallery-item elementor-gallery-item elementor-animated-content\" href=\"https:\/\/kaminbau-bautzen.de\/wp-content\/uploads\/2025-11-kachelofenbau-marschner-IMG_4032.jpg\" data-elementor-open-lightbox=\"yes\" data-elementor-lightbox-slideshow=\"4bcf9fb\" data-elementor-lightbox-title=\"2025-11-kachelofenbau-marschner-IMG_4032\" data-e-action-hash=\"#elementor-action%3Aaction%3Dlightbox%26settings%3DeyJpZCI6MTE4LCJ1cmwiOiJodHRwczpcL1wva2FtaW5iYXUtYmF1dHplbi5kZVwvd3AtY29udGVudFwvdXBsb2Fkc1wvMjAyNS0xMS1rYWNoZWxvZmVuYmF1LW1hcnNjaG5lci1JTUdfNDAzMi5qcGciLCJzbGlkZXNob3ciOiI0YmNmOWZiIn0%3D\">\n\t\t\t\t\t<div class=\"e-gallery-image elementor-gallery-item__image\" data-thumbnail=\"https:\/\/kaminbau-bautzen.de\/wp-content\/uploads\/2025-11-kachelofenbau-marschner-IMG_4032.jpg\" data-width=\"540\" data-height=\"720\" aria-label=\"\" role=\"img\" ><\/div>\n\t\t\t\t\t\t\t\t\t\t\t<div class=\"elementor-gallery-item__overlay\"><\/div>\n\t\t\t\t\t\t\t\t\t\t\t\t\t\t<\/a>\n\t\t\t\t\t\t\t<a class=\"e-gallery-item elementor-gallery-item elementor-animated-content\" href=\"https:\/\/kaminbau-bautzen.de\/wp-content\/uploads\/2025-08-kachelofenbau-marschner-IMG_3872.jpg\" data-elementor-open-lightbox=\"yes\" data-elementor-lightbox-slideshow=\"4bcf9fb\" data-elementor-lightbox-title=\"2025-08-kachelofenbau-marschner-IMG_3872\" data-e-action-hash=\"#elementor-action%3Aaction%3Dlightbox%26settings%3DeyJpZCI6MTE3LCJ1cmwiOiJodHRwczpcL1wva2FtaW5iYXUtYmF1dHplbi5kZVwvd3AtY29udGVudFwvdXBsb2Fkc1wvMjAyNS0wOC1rYWNoZWxvZmVuYmF1LW1hcnNjaG5lci1JTUdfMzg3Mi5qcGciLCJzbGlkZXNob3ciOiI0YmNmOWZiIn0%3D\">\n\t\t\t\t\t<div class=\"e-gallery-image elementor-gallery-item__image\" data-thumbnail=\"https:\/\/kaminbau-bautzen.de\/wp-content\/uploads\/2025-08-kachelofenbau-marschner-IMG_3872.jpg\" data-width=\"540\" data-height=\"720\" aria-label=\"\" role=\"img\" ><\/div>\n\t\t\t\t\t\t\t\t\t\t\t<div class=\"elementor-gallery-item__overlay\"><\/div>\n\t\t\t\t\t\t\t\t\t\t\t\t\t\t<\/a>\n\t\t\t\t\t\t\t<a class=\"e-gallery-item elementor-gallery-item elementor-animated-content\" href=\"https:\/\/kaminbau-bautzen.de\/wp-content\/uploads\/2025-08-kachelofenbau-marschner-IMG_3229.jpg\" data-elementor-open-lightbox=\"yes\" data-elementor-lightbox-slideshow=\"4bcf9fb\" data-elementor-lightbox-title=\"2025-08-kachelofenbau-marschner-IMG_3229\" data-e-action-hash=\"#elementor-action%3Aaction%3Dlightbox%26settings%3DeyJpZCI6MTE2LCJ1cmwiOiJodHRwczpcL1wva2FtaW5iYXUtYmF1dHplbi5kZVwvd3AtY29udGVudFwvdXBsb2Fkc1wvMjAyNS0wOC1rYWNoZWxvZmVuYmF1LW1hcnNjaG5lci1JTUdfMzIyOS5qcGciLCJzbGlkZXNob3ciOiI0YmNmOWZiIn0%3D\">\n\t\t\t\t\t<div class=\"e-gallery-image elementor-gallery-item__image\" data-thumbnail=\"https:\/\/kaminbau-bautzen.de\/wp-content\/uploads\/2025-08-kachelofenbau-marschner-IMG_3229.jpg\" data-width=\"540\" data-height=\"720\" aria-label=\"\" role=\"img\" ><\/div>\n\t\t\t\t\t\t\t\t\t\t\t<div class=\"elementor-gallery-item__overlay\"><\/div>\n\t\t\t\t\t\t\t\t\t\t\t\t\t\t<\/a>\n\t\t\t\t\t\t\t<a class=\"e-gallery-item elementor-gallery-item elementor-animated-content\" href=\"https:\/\/kaminbau-bautzen.de\/wp-content\/uploads\/2025-08-kachelofenbau-marschner-IMG_3228.jpg\" data-elementor-open-lightbox=\"yes\" data-elementor-lightbox-slideshow=\"4bcf9fb\" data-elementor-lightbox-title=\"2025-08-kachelofenbau-marschner-IMG_3228\" data-e-action-hash=\"#elementor-action%3Aaction%3Dlightbox%26settings%3DeyJpZCI6MTE1LCJ1cmwiOiJodHRwczpcL1wva2FtaW5iYXUtYmF1dHplbi5kZVwvd3AtY29udGVudFwvdXBsb2Fkc1wvMjAyNS0wOC1rYWNoZWxvZmVuYmF1LW1hcnNjaG5lci1JTUdfMzIyOC5qcGciLCJzbGlkZXNob3ciOiI0YmNmOWZiIn0%3D\">\n\t\t\t\t\t<div class=\"e-gallery-image elementor-gallery-item__image\" data-thumbnail=\"https:\/\/kaminbau-bautzen.de\/wp-content\/uploads\/2025-08-kachelofenbau-marschner-IMG_3228.jpg\" data-width=\"540\" data-height=\"720\" aria-label=\"\" role=\"img\" ><\/div>\n\t\t\t\t\t\t\t\t\t\t\t<div class=\"elementor-gallery-item__overlay\"><\/div>\n\t\t\t\t\t\t\t\t\t\t\t\t\t\t<\/a>\n\t\t\t\t\t\t\t<a class=\"e-gallery-item elementor-gallery-item elementor-animated-content\" href=\"https:\/\/kaminbau-bautzen.de\/wp-content\/uploads\/2018-ofenbau-marschner-2018_img_0602.jpg\" data-elementor-open-lightbox=\"yes\" data-elementor-lightbox-slideshow=\"4bcf9fb\" data-elementor-lightbox-title=\"2018-ofenbau-marschner-2018_img_0602\" data-e-action-hash=\"#elementor-action%3Aaction%3Dlightbox%26settings%3DeyJpZCI6MTE0LCJ1cmwiOiJodHRwczpcL1wva2FtaW5iYXUtYmF1dHplbi5kZVwvd3AtY29udGVudFwvdXBsb2Fkc1wvMjAxOC1vZmVuYmF1LW1hcnNjaG5lci0yMDE4X2ltZ18wNjAyLmpwZyIsInNsaWRlc2hvdyI6IjRiY2Y5ZmIifQ%3D%3D\">\n\t\t\t\t\t<div class=\"e-gallery-image elementor-gallery-item__image\" data-thumbnail=\"https:\/\/kaminbau-bautzen.de\/wp-content\/uploads\/2018-ofenbau-marschner-2018_img_0602.jpg\" data-width=\"480\" data-height=\"640\" aria-label=\"\" role=\"img\" ><\/div>\n\t\t\t\t\t\t\t\t\t\t\t<div class=\"elementor-gallery-item__overlay\"><\/div>\n\t\t\t\t\t\t\t\t\t\t\t\t\t\t<\/a>\n\t\t\t\t\t\t\t<a class=\"e-gallery-item elementor-gallery-item elementor-animated-content\" href=\"https:\/\/kaminbau-bautzen.de\/wp-content\/uploads\/2018-ofenbau-marschner-2018_img_0568.jpg\" data-elementor-open-lightbox=\"yes\" data-elementor-lightbox-slideshow=\"4bcf9fb\" data-elementor-lightbox-title=\"2018-ofenbau-marschner-2018_img_0568\" data-e-action-hash=\"#elementor-action%3Aaction%3Dlightbox%26settings%3DeyJpZCI6MTEzLCJ1cmwiOiJodHRwczpcL1wva2FtaW5iYXUtYmF1dHplbi5kZVwvd3AtY29udGVudFwvdXBsb2Fkc1wvMjAxOC1vZmVuYmF1LW1hcnNjaG5lci0yMDE4X2ltZ18wNTY4LmpwZyIsInNsaWRlc2hvdyI6IjRiY2Y5ZmIifQ%3D%3D\">\n\t\t\t\t\t<div class=\"e-gallery-image elementor-gallery-item__image\" data-thumbnail=\"https:\/\/kaminbau-bautzen.de\/wp-content\/uploads\/2018-ofenbau-marschner-2018_img_0568.jpg\" data-width=\"480\" data-height=\"640\" aria-label=\"\" role=\"img\" ><\/div>\n\t\t\t\t\t\t\t\t\t\t\t<div class=\"elementor-gallery-item__overlay\"><\/div>\n\t\t\t\t\t\t\t\t\t\t\t\t\t\t<\/a>\n\t\t\t\t\t\t\t<a class=\"e-gallery-item elementor-gallery-item elementor-animated-content\" href=\"https:\/\/kaminbau-bautzen.de\/wp-content\/uploads\/2018-kaminbau-marschner-2018_img_0997.jpg\" data-elementor-open-lightbox=\"yes\" data-elementor-lightbox-slideshow=\"4bcf9fb\" data-elementor-lightbox-title=\"2018-kaminbau-marschner-2018_img_0997\" data-e-action-hash=\"#elementor-action%3Aaction%3Dlightbox%26settings%3DeyJpZCI6MTEyLCJ1cmwiOiJodHRwczpcL1wva2FtaW5iYXUtYmF1dHplbi5kZVwvd3AtY29udGVudFwvdXBsb2Fkc1wvMjAxOC1rYW1pbmJhdS1tYXJzY2huZXItMjAxOF9pbWdfMDk5Ny5qcGciLCJzbGlkZXNob3ciOiI0YmNmOWZiIn0%3D\">\n\t\t\t\t\t<div class=\"e-gallery-image elementor-gallery-item__image\" data-thumbnail=\"https:\/\/kaminbau-bautzen.de\/wp-content\/uploads\/2018-kaminbau-marschner-2018_img_0997.jpg\" data-width=\"480\" data-height=\"640\" aria-label=\"\" role=\"img\" ><\/div>\n\t\t\t\t\t\t\t\t\t\t\t<div class=\"elementor-gallery-item__overlay\"><\/div>\n\t\t\t\t\t\t\t\t\t\t\t\t\t\t<\/a>\n\t\t\t\t\t\t\t<a class=\"e-gallery-item elementor-gallery-item elementor-animated-content\" href=\"https:\/\/kaminbau-bautzen.de\/wp-content\/uploads\/2018-kaminbau-marschner-2018_img_0993.jpg\" data-elementor-open-lightbox=\"yes\" data-elementor-lightbox-slideshow=\"4bcf9fb\" data-elementor-lightbox-title=\"2018-kaminbau-marschner-2018_img_0993\" data-e-action-hash=\"#elementor-action%3Aaction%3Dlightbox%26settings%3DeyJpZCI6MTExLCJ1cmwiOiJodHRwczpcL1wva2FtaW5iYXUtYmF1dHplbi5kZVwvd3AtY29udGVudFwvdXBsb2Fkc1wvMjAxOC1rYW1pbmJhdS1tYXJzY2huZXItMjAxOF9pbWdfMDk5My5qcGciLCJzbGlkZXNob3ciOiI0YmNmOWZiIn0%3D\">\n\t\t\t\t\t<div class=\"e-gallery-image elementor-gallery-item__image\" data-thumbnail=\"https:\/\/kaminbau-bautzen.de\/wp-content\/uploads\/2018-kaminbau-marschner-2018_img_0993.jpg\" data-width=\"480\" data-height=\"640\" aria-label=\"\" role=\"img\" ><\/div>\n\t\t\t\t\t\t\t\t\t\t\t<div class=\"elementor-gallery-item__overlay\"><\/div>\n\t\t\t\t\t\t\t\t\t\t\t\t\t\t<\/a>\n\t\t\t\t\t\t\t<a class=\"e-gallery-item elementor-gallery-item elementor-animated-content\" href=\"https:\/\/kaminbau-bautzen.de\/wp-content\/uploads\/2018-kaminbau-marschner-2018_img_0991.jpg\" data-elementor-open-lightbox=\"yes\" data-elementor-lightbox-slideshow=\"4bcf9fb\" data-elementor-lightbox-title=\"2018-kaminbau-marschner-2018_img_0991\" data-e-action-hash=\"#elementor-action%3Aaction%3Dlightbox%26settings%3DeyJpZCI6MTEwLCJ1cmwiOiJodHRwczpcL1wva2FtaW5iYXUtYmF1dHplbi5kZVwvd3AtY29udGVudFwvdXBsb2Fkc1wvMjAxOC1rYW1pbmJhdS1tYXJzY2huZXItMjAxOF9pbWdfMDk5MS5qcGciLCJzbGlkZXNob3ciOiI0YmNmOWZiIn0%3D\">\n\t\t\t\t\t<div class=\"e-gallery-image elementor-gallery-item__image\" data-thumbnail=\"https:\/\/kaminbau-bautzen.de\/wp-content\/uploads\/2018-kaminbau-marschner-2018_img_0991.jpg\" data-width=\"480\" data-height=\"640\" aria-label=\"\" role=\"img\" ><\/div>\n\t\t\t\t\t\t\t\t\t\t\t<div class=\"elementor-gallery-item__overlay\"><\/div>\n\t\t\t\t\t\t\t\t\t\t\t\t\t\t<\/a>\n\t\t\t\t\t\t\t<a class=\"e-gallery-item elementor-gallery-item elementor-animated-content\" href=\"https:\/\/kaminbau-bautzen.de\/wp-content\/uploads\/2018-kaminbau-marschner-2018_img_0560.jpg\" data-elementor-open-lightbox=\"yes\" data-elementor-lightbox-slideshow=\"4bcf9fb\" data-elementor-lightbox-title=\"2018-kaminbau-marschner-2018_img_0560\" data-e-action-hash=\"#elementor-action%3Aaction%3Dlightbox%26settings%3DeyJpZCI6MTA5LCJ1cmwiOiJodHRwczpcL1wva2FtaW5iYXUtYmF1dHplbi5kZVwvd3AtY29udGVudFwvdXBsb2Fkc1wvMjAxOC1rYW1pbmJhdS1tYXJzY2huZXItMjAxOF9pbWdfMDU2MC5qcGciLCJzbGlkZXNob3ciOiI0YmNmOWZiIn0%3D\">\n\t\t\t\t\t<div class=\"e-gallery-image elementor-gallery-item__image\" data-thumbnail=\"https:\/\/kaminbau-bautzen.de\/wp-content\/uploads\/2018-kaminbau-marschner-2018_img_0560.jpg\" data-width=\"480\" data-height=\"640\" aria-label=\"\" role=\"img\" ><\/div>\n\t\t\t\t\t\t\t\t\t\t\t<div class=\"elementor-gallery-item__overlay\"><\/div>\n\t\t\t\t\t\t\t\t\t\t\t\t\t\t<\/a>\n\t\t\t\t\t\t\t<a class=\"e-gallery-item elementor-gallery-item elementor-animated-content\" href=\"https:\/\/kaminbau-bautzen.de\/wp-content\/uploads\/2018-kamin_7.jpg\" data-elementor-open-lightbox=\"yes\" data-elementor-lightbox-slideshow=\"4bcf9fb\" data-elementor-lightbox-title=\"2018-kamin_7\" data-e-action-hash=\"#elementor-action%3Aaction%3Dlightbox%26settings%3DeyJpZCI6MTA4LCJ1cmwiOiJodHRwczpcL1wva2FtaW5iYXUtYmF1dHplbi5kZVwvd3AtY29udGVudFwvdXBsb2Fkc1wvMjAxOC1rYW1pbl83LmpwZyIsInNsaWRlc2hvdyI6IjRiY2Y5ZmIifQ%3D%3D\">\n\t\t\t\t\t<div class=\"e-gallery-image elementor-gallery-item__image\" data-thumbnail=\"https:\/\/kaminbau-bautzen.de\/wp-content\/uploads\/2018-kamin_7.jpg\" data-width=\"600\" data-height=\"800\" aria-label=\"\" role=\"img\" ><\/div>\n\t\t\t\t\t\t\t\t\t\t\t<div class=\"elementor-gallery-item__overlay\"><\/div>\n\t\t\t\t\t\t\t\t\t\t\t\t\t\t<\/a>\n\t\t\t\t\t\t\t<a class=\"e-gallery-item elementor-gallery-item elementor-animated-content\" href=\"https:\/\/kaminbau-bautzen.de\/wp-content\/uploads\/2018-kamin_6.jpg\" data-elementor-open-lightbox=\"yes\" data-elementor-lightbox-slideshow=\"4bcf9fb\" data-elementor-lightbox-title=\"2018-kamin_6\" data-e-action-hash=\"#elementor-action%3Aaction%3Dlightbox%26settings%3DeyJpZCI6MTA3LCJ1cmwiOiJodHRwczpcL1wva2FtaW5iYXUtYmF1dHplbi5kZVwvd3AtY29udGVudFwvdXBsb2Fkc1wvMjAxOC1rYW1pbl82LmpwZyIsInNsaWRlc2hvdyI6IjRiY2Y5ZmIifQ%3D%3D\">\n\t\t\t\t\t<div class=\"e-gallery-image elementor-gallery-item__image\" data-thumbnail=\"https:\/\/kaminbau-bautzen.de\/wp-content\/uploads\/2018-kamin_6.jpg\" data-width=\"600\" data-height=\"800\" aria-label=\"\" role=\"img\" ><\/div>\n\t\t\t\t\t\t\t\t\t\t\t<div class=\"elementor-gallery-item__overlay\"><\/div>\n\t\t\t\t\t\t\t\t\t\t\t\t\t\t<\/a>\n\t\t\t\t\t\t\t<a class=\"e-gallery-item elementor-gallery-item elementor-animated-content\" href=\"https:\/\/kaminbau-bautzen.de\/wp-content\/uploads\/2018-16_10.jpg\" data-elementor-open-lightbox=\"yes\" data-elementor-lightbox-slideshow=\"4bcf9fb\" data-elementor-lightbox-title=\"2018-16_10\" data-e-action-hash=\"#elementor-action%3Aaction%3Dlightbox%26settings%3DeyJpZCI6MTA2LCJ1cmwiOiJodHRwczpcL1wva2FtaW5iYXUtYmF1dHplbi5kZVwvd3AtY29udGVudFwvdXBsb2Fkc1wvMjAxOC0xNl8xMC5qcGciLCJzbGlkZXNob3ciOiI0YmNmOWZiIn0%3D\">\n\t\t\t\t\t<div class=\"e-gallery-image elementor-gallery-item__image\" data-thumbnail=\"https:\/\/kaminbau-bautzen.de\/wp-content\/uploads\/2018-16_10.jpg\" data-width=\"450\" data-height=\"800\" aria-label=\"\" role=\"img\" ><\/div>\n\t\t\t\t\t\t\t\t\t\t\t<div class=\"elementor-gallery-item__overlay\"><\/div>\n\t\t\t\t\t\t\t\t\t\t\t\t\t\t<\/a>\n\t\t\t\t\t\t\t<a class=\"e-gallery-item elementor-gallery-item elementor-animated-content\" href=\"https:\/\/kaminbau-bautzen.de\/wp-content\/uploads\/2018-16_5_3_20160209-165255.000000.jpg\" data-elementor-open-lightbox=\"yes\" data-elementor-lightbox-slideshow=\"4bcf9fb\" data-elementor-lightbox-title=\"2018-16_5_3_20160209-165255.000000\" data-e-action-hash=\"#elementor-action%3Aaction%3Dlightbox%26settings%3DeyJpZCI6MTA1LCJ1cmwiOiJodHRwczpcL1wva2FtaW5iYXUtYmF1dHplbi5kZVwvd3AtY29udGVudFwvdXBsb2Fkc1wvMjAxOC0xNl81XzNfMjAxNjAyMDktMTY1MjU1LjAwMDAwMC5qcGciLCJzbGlkZXNob3ciOiI0YmNmOWZiIn0%3D\">\n\t\t\t\t\t<div class=\"e-gallery-image elementor-gallery-item__image\" data-thumbnail=\"https:\/\/kaminbau-bautzen.de\/wp-content\/uploads\/2018-16_5_3_20160209-165255.000000.jpg\" data-width=\"565\" data-height=\"800\" aria-label=\"\" role=\"img\" ><\/div>\n\t\t\t\t\t\t\t\t\t\t\t<div class=\"elementor-gallery-item__overlay\"><\/div>\n\t\t\t\t\t\t\t\t\t\t\t\t\t\t<\/a>\n\t\t\t\t\t\t\t<a class=\"e-gallery-item elementor-gallery-item elementor-animated-content\" href=\"https:\/\/kaminbau-bautzen.de\/wp-content\/uploads\/2018-16_5_2.jpg\" data-elementor-open-lightbox=\"yes\" data-elementor-lightbox-slideshow=\"4bcf9fb\" data-elementor-lightbox-title=\"2018-16_5_2\" data-e-action-hash=\"#elementor-action%3Aaction%3Dlightbox%26settings%3DeyJpZCI6MTA0LCJ1cmwiOiJodHRwczpcL1wva2FtaW5iYXUtYmF1dHplbi5kZVwvd3AtY29udGVudFwvdXBsb2Fkc1wvMjAxOC0xNl81XzIuanBnIiwic2xpZGVzaG93IjoiNGJjZjlmYiJ9\">\n\t\t\t\t\t<div class=\"e-gallery-image elementor-gallery-item__image\" data-thumbnail=\"https:\/\/kaminbau-bautzen.de\/wp-content\/uploads\/2018-16_5_2.jpg\" data-width=\"600\" data-height=\"800\" aria-label=\"\" role=\"img\" ><\/div>\n\t\t\t\t\t\t\t\t\t\t\t<div class=\"elementor-gallery-item__overlay\"><\/div>\n\t\t\t\t\t\t\t\t\t\t\t\t\t\t<\/a>\n\t\t\t\t\t\t\t<a class=\"e-gallery-item elementor-gallery-item elementor-animated-content\" href=\"https:\/\/kaminbau-bautzen.de\/wp-content\/uploads\/2018-16_4_2.jpg\" data-elementor-open-lightbox=\"yes\" data-elementor-lightbox-slideshow=\"4bcf9fb\" data-elementor-lightbox-title=\"2018-16_4_2\" data-e-action-hash=\"#elementor-action%3Aaction%3Dlightbox%26settings%3DeyJpZCI6MTAzLCJ1cmwiOiJodHRwczpcL1wva2FtaW5iYXUtYmF1dHplbi5kZVwvd3AtY29udGVudFwvdXBsb2Fkc1wvMjAxOC0xNl80XzIuanBnIiwic2xpZGVzaG93IjoiNGJjZjlmYiJ9\">\n\t\t\t\t\t<div class=\"e-gallery-image elementor-gallery-item__image\" data-thumbnail=\"https:\/\/kaminbau-bautzen.de\/wp-content\/uploads\/2018-16_4_2-768x576.jpg\" data-width=\"768\" data-height=\"576\" aria-label=\"\" role=\"img\" ><\/div>\n\t\t\t\t\t\t\t\t\t\t\t<div class=\"elementor-gallery-item__overlay\"><\/div>\n\t\t\t\t\t\t\t\t\t\t\t\t\t\t<\/a>\n\t\t\t\t\t<\/div>\n\t\t\t\t\t<\/div>\n\t\t\t\t\t<\/div>\n\t\t\t\t<\/div>\n\t\t\t\t<\/div>\n\t\t","protected":false},"excerpt":{"rendered":"<p>Kachelofenbau Marschner Der Spezialist f\u00fcr Kachel\u00f6fen und Kaminbau in Schirgiswalde Kamine \/ Kamin\u00f6fen Kamine haben im Unterschied zum Kachelofen gro\u00dfe Sichtscheiben, durch diese man ein loderndes Flammenspiel genie\u00dfen kann. Die W\u00e4rmeabgabe erfolgt schnell, \u00e4hnlich wie beim Warmluftofen. Ein Teil der W\u00e4rme wird indirekt als Strahlungsw\u00e4rme \u00fcber die Kachel oder Putzoberfl\u00e4chen abgegeben. Kamin\u00f6fen vermitteln mit ihrem [&hellip;]<\/p>\n","protected":false},"author":2,"featured_media":0,"parent":0,"menu_order":0,"comment_status":"closed","ping_status":"closed","template":"","meta":{"footnotes":""},"class_list":["post-41","page","type-page","status-publish","hentry"],"_links":{"self":[{"href":"https:\/\/kaminbau-bautzen.de\/index.php?rest_route=\/wp\/v2\/pages\/41","targetHints":{"allow":["GET"]}}],"collection":[{"href":"https:\/\/kaminbau-bautzen.de\/index.php?rest_route=\/wp\/v2\/pages"}],"about":[{"href":"https:\/\/kaminbau-bautzen.de\/index.php?rest_route=\/wp\/v2\/types\/page"}],"author":[{"embeddable":true,"href":"https:\/\/kaminbau-bautzen.de\/index.php?rest_route=\/wp\/v2\/users\/2"}],"replies":[{"embeddable":true,"href":"https:\/\/kaminbau-bautzen.de\/index.php?rest_route=%2Fwp%2Fv2%2Fcomments&post=41"}],"version-history":[{"count":22,"href":"https:\/\/kaminbau-bautzen.de\/index.php?rest_route=\/wp\/v2\/pages\/41\/revisions"}],"predecessor-version":[{"id":276,"href":"https:\/\/kaminbau-bautzen.de\/index.php?rest_route=\/wp\/v2\/pages\/41\/revisions\/276"}],"wp:attachment":[{"href":"https:\/\/kaminbau-bautzen.de\/index.php?rest_route=%2Fwp%2Fv2%2Fmedia&parent=41"}],"curies":[{"name":"wp","href":"https:\/\/api.w.org\/{rel}","templated":true}]}}