{"id":51,"date":"2026-04-08T14:12:33","date_gmt":"2026-04-08T14:12:33","guid":{"rendered":"https:\/\/kaminbau-bautzen.webhost.city-map.com\/?page_id=51"},"modified":"2026-04-21T23:45:00","modified_gmt":"2026-04-21T23:45:00","slug":"kachelofen-2","status":"publish","type":"page","link":"https:\/\/kaminbau-bautzen.de\/?page_id=51","title":{"rendered":"Kachelofen"},"content":{"rendered":"\t\t<div data-elementor-type=\"wp-page\" data-elementor-id=\"51\" class=\"elementor elementor-51\" data-elementor-post-type=\"page\">\n\t\t\t\t<div class=\"elementor-element elementor-element-bec9202 e-con-full e-flex e-con e-parent\" data-id=\"bec9202\" data-element_type=\"container\" data-e-type=\"container\" data-settings=\"{&quot;background_background&quot;:&quot;slideshow&quot;,&quot;background_slideshow_gallery&quot;:[{&quot;id&quot;:141,&quot;url&quot;:&quot;https:\\\/\\\/kaminbau-bautzen.de\\\/wp-content\\\/uploads\\\/hero-001.jpg&quot;},{&quot;id&quot;:266,&quot;url&quot;:&quot;https:\\\/\\\/kaminbau-bautzen.de\\\/wp-content\\\/uploads\\\/hero-142.jpg&quot;},{&quot;id&quot;:264,&quot;url&quot;:&quot;https:\\\/\\\/kaminbau-bautzen.de\\\/wp-content\\\/uploads\\\/hero-082.jpg&quot;},{&quot;id&quot;:265,&quot;url&quot;:&quot;https:\\\/\\\/kaminbau-bautzen.de\\\/wp-content\\\/uploads\\\/hero-141.jpg&quot;},{&quot;id&quot;:267,&quot;url&quot;:&quot;https:\\\/\\\/kaminbau-bautzen.de\\\/wp-content\\\/uploads\\\/hero-058.jpg&quot;},{&quot;id&quot;:263,&quot;url&quot;:&quot;https:\\\/\\\/kaminbau-bautzen.de\\\/wp-content\\\/uploads\\\/hero-002.jpg&quot;}],&quot;background_slideshow_ken_burns&quot;:&quot;yes&quot;,&quot;background_slideshow_loop&quot;:&quot;yes&quot;,&quot;background_slideshow_slide_duration&quot;:5000,&quot;background_slideshow_slide_transition&quot;:&quot;fade&quot;,&quot;background_slideshow_transition_duration&quot;:500,&quot;background_slideshow_ken_burns_zoom_direction&quot;:&quot;in&quot;}\">\n\t\t<div class=\"elementor-element elementor-element-94b89c8 e-flex e-con-boxed e-con e-child\" data-id=\"94b89c8\" data-element_type=\"container\" data-e-type=\"container\">\n\t\t\t\t\t<div class=\"e-con-inner\">\n\t\t<div class=\"elementor-element elementor-element-a5d9963 e-con-full e-flex e-con e-child\" data-id=\"a5d9963\" data-element_type=\"container\" data-e-type=\"container\" data-settings=\"{&quot;background_background&quot;:&quot;classic&quot;}\">\n\t\t\t\t<div class=\"elementor-element elementor-element-d10bef9 elementor-widget elementor-widget-heading\" data-id=\"d10bef9\" data-element_type=\"widget\" data-e-type=\"widget\" data-widget_type=\"heading.default\">\n\t\t\t\t\t<h2 class=\"elementor-heading-title elementor-size-default\">Kachelofenbau Marschner<\/h2>\t\t\t\t<\/div>\n\t\t\t\t<div class=\"elementor-element elementor-element-4ed221c elementor-widget elementor-widget-heading\" data-id=\"4ed221c\" data-element_type=\"widget\" data-e-type=\"widget\" data-widget_type=\"heading.default\">\n\t\t\t\t\t<h2 class=\"elementor-heading-title elementor-size-default\">Der Spezialist f\u00fcr Kachel\u00f6fen und Kaminbau in Schirgiswalde<\/h2>\t\t\t\t<\/div>\n\t\t\t\t<\/div>\n\t\t\t\t\t<\/div>\n\t\t\t\t<\/div>\n\t\t\t\t<\/div>\n\t\t<div class=\"elementor-element elementor-element-3cf120e e-flex e-con-boxed e-con e-parent\" data-id=\"3cf120e\" data-element_type=\"container\" data-e-type=\"container\">\n\t\t\t\t\t<div class=\"e-con-inner\">\n\t\t\t\t<div class=\"elementor-element elementor-element-d8ad218 elementor-widget elementor-widget-heading\" data-id=\"d8ad218\" data-element_type=\"widget\" data-e-type=\"widget\" data-widget_type=\"heading.default\">\n\t\t\t\t\t<h2 class=\"elementor-heading-title elementor-size-default\">Kachelofen \/ Warmluftofen<\/h2>\t\t\t\t<\/div>\n\t\t\t\t<div class=\"elementor-element elementor-element-8c96a59 elementor-widget elementor-widget-text-editor\" data-id=\"8c96a59\" data-element_type=\"widget\" data-e-type=\"widget\" data-widget_type=\"text-editor.default\">\n\t\t\t\t\t\t\t\t\t<div id=\"paragraph_2628415\" class=\"paragraph_text paragraph\"><div id=\"paragraph_2628415_inner\" class=\"paragraph_text_inner\"><p>Warmluft\u00f6fen erzeugen mit modernen Heizeins\u00e4tzen f\u00fcr feste Brennstoffe sehr schnell behagliche W\u00e4rme. Die Raumluft wird \u00fcber Kaltluft\u00f6ffnungen um den Heizeinsatz geleitet, sie erw\u00e4rmt sich und wird \u00fcber Warmluftgitter gezielt wieder an den Raum abgegeben.<\/p><p>Warmluft\u00f6fen produzieren zu ca. 70 % Konvektionsw\u00e4rme und zu ca. 30 % Strahlungsw\u00e4rme.<\/p><p>Wir beraten Sie fachlich, kompetent und fair. Fragen Sie uns.<\/p><\/div><\/div>\t\t\t\t\t\t\t\t<\/div>\n\t\t\t\t<div class=\"elementor-element elementor-element-db2e4c0 elementor-widget elementor-widget-gallery\" data-id=\"db2e4c0\" data-element_type=\"widget\" data-e-type=\"widget\" data-settings=\"{&quot;gallery_layout&quot;:&quot;masonry&quot;,&quot;columns_tablet&quot;:5,&quot;columns_mobile&quot;:3,&quot;lazyload&quot;:&quot;yes&quot;,&quot;columns&quot;:4,&quot;gap&quot;:{&quot;unit&quot;:&quot;px&quot;,&quot;size&quot;:10,&quot;sizes&quot;:[]},&quot;gap_tablet&quot;:{&quot;unit&quot;:&quot;px&quot;,&quot;size&quot;:10,&quot;sizes&quot;:[]},&quot;gap_mobile&quot;:{&quot;unit&quot;:&quot;px&quot;,&quot;size&quot;:10,&quot;sizes&quot;:[]},&quot;link_to&quot;:&quot;file&quot;,&quot;overlay_background&quot;:&quot;yes&quot;,&quot;content_hover_animation&quot;:&quot;fade-in&quot;}\" data-widget_type=\"gallery.default\">\n\t\t\t\t\t\t\t<div class=\"elementor-gallery__container\">\n\t\t\t\t\t\t\t<a class=\"e-gallery-item elementor-gallery-item elementor-animated-content\" href=\"https:\/\/kaminbau-bautzen.de\/wp-content\/uploads\/2025-08-kachelofenbau-marschner-IMG_3173.jpg\" data-elementor-open-lightbox=\"yes\" data-elementor-lightbox-slideshow=\"db2e4c0\" data-elementor-lightbox-title=\"2025-08-kachelofenbau-marschner-IMG_3173\" data-e-action-hash=\"#elementor-action%3Aaction%3Dlightbox%26settings%3DeyJpZCI6MTAyLCJ1cmwiOiJodHRwczpcL1wva2FtaW5iYXUtYmF1dHplbi5kZVwvd3AtY29udGVudFwvdXBsb2Fkc1wvMjAyNS0wOC1rYWNoZWxvZmVuYmF1LW1hcnNjaG5lci1JTUdfMzE3My5qcGciLCJzbGlkZXNob3ciOiJkYjJlNGMwIn0%3D\">\n\t\t\t\t\t<div class=\"e-gallery-image elementor-gallery-item__image\" data-thumbnail=\"https:\/\/kaminbau-bautzen.de\/wp-content\/uploads\/2025-08-kachelofenbau-marschner-IMG_3173.jpg\" data-width=\"540\" data-height=\"720\" aria-label=\"\" role=\"img\" ><\/div>\n\t\t\t\t\t\t\t\t\t\t\t<div class=\"elementor-gallery-item__overlay\"><\/div>\n\t\t\t\t\t\t\t\t\t\t\t\t\t\t<\/a>\n\t\t\t\t\t\t\t<a class=\"e-gallery-item elementor-gallery-item elementor-animated-content\" href=\"https:\/\/kaminbau-bautzen.de\/wp-content\/uploads\/2025-08-kachelofenbau-marschner-IMG_2756.jpg\" data-elementor-open-lightbox=\"yes\" data-elementor-lightbox-slideshow=\"db2e4c0\" data-elementor-lightbox-title=\"2025-08-kachelofenbau-marschner-IMG_2756\" data-e-action-hash=\"#elementor-action%3Aaction%3Dlightbox%26settings%3DeyJpZCI6MTAxLCJ1cmwiOiJodHRwczpcL1wva2FtaW5iYXUtYmF1dHplbi5kZVwvd3AtY29udGVudFwvdXBsb2Fkc1wvMjAyNS0wOC1rYWNoZWxvZmVuYmF1LW1hcnNjaG5lci1JTUdfMjc1Ni5qcGciLCJzbGlkZXNob3ciOiJkYjJlNGMwIn0%3D\">\n\t\t\t\t\t<div class=\"e-gallery-image elementor-gallery-item__image\" data-thumbnail=\"https:\/\/kaminbau-bautzen.de\/wp-content\/uploads\/2025-08-kachelofenbau-marschner-IMG_2756.jpg\" data-width=\"540\" data-height=\"720\" aria-label=\"\" role=\"img\" ><\/div>\n\t\t\t\t\t\t\t\t\t\t\t<div class=\"elementor-gallery-item__overlay\"><\/div>\n\t\t\t\t\t\t\t\t\t\t\t\t\t\t<\/a>\n\t\t\t\t\t\t\t<a class=\"e-gallery-item elementor-gallery-item elementor-animated-content\" href=\"https:\/\/kaminbau-bautzen.de\/wp-content\/uploads\/2018-thomas-cam-316.jpg\" data-elementor-open-lightbox=\"yes\" data-elementor-lightbox-slideshow=\"db2e4c0\" data-elementor-lightbox-title=\"2018-thomas-cam-316\" data-e-action-hash=\"#elementor-action%3Aaction%3Dlightbox%26settings%3DeyJpZCI6MTAwLCJ1cmwiOiJodHRwczpcL1wva2FtaW5iYXUtYmF1dHplbi5kZVwvd3AtY29udGVudFwvdXBsb2Fkc1wvMjAxOC10aG9tYXMtY2FtLTMxNi5qcGciLCJzbGlkZXNob3ciOiJkYjJlNGMwIn0%3D\">\n\t\t\t\t\t<div class=\"e-gallery-image elementor-gallery-item__image\" data-thumbnail=\"https:\/\/kaminbau-bautzen.de\/wp-content\/uploads\/2018-thomas-cam-316.jpg\" data-width=\"640\" data-height=\"480\" aria-label=\"\" role=\"img\" ><\/div>\n\t\t\t\t\t\t\t\t\t\t\t<div class=\"elementor-gallery-item__overlay\"><\/div>\n\t\t\t\t\t\t\t\t\t\t\t\t\t\t<\/a>\n\t\t\t\t\t\t\t<a class=\"e-gallery-item elementor-gallery-item elementor-animated-content\" href=\"https:\/\/kaminbau-bautzen.de\/wp-content\/uploads\/2018-ofenbau-marschner-2018_img_1057.jpg\" data-elementor-open-lightbox=\"yes\" data-elementor-lightbox-slideshow=\"db2e4c0\" data-elementor-lightbox-title=\"2018-ofenbau-marschner-2018_img_1057\" data-e-action-hash=\"#elementor-action%3Aaction%3Dlightbox%26settings%3DeyJpZCI6OTksInVybCI6Imh0dHBzOlwvXC9rYW1pbmJhdS1iYXV0emVuLmRlXC93cC1jb250ZW50XC91cGxvYWRzXC8yMDE4LW9mZW5iYXUtbWFyc2NobmVyLTIwMThfaW1nXzEwNTcuanBnIiwic2xpZGVzaG93IjoiZGIyZTRjMCJ9\">\n\t\t\t\t\t<div class=\"e-gallery-image elementor-gallery-item__image\" data-thumbnail=\"https:\/\/kaminbau-bautzen.de\/wp-content\/uploads\/2018-ofenbau-marschner-2018_img_1057.jpg\" data-width=\"480\" data-height=\"640\" aria-label=\"\" role=\"img\" ><\/div>\n\t\t\t\t\t\t\t\t\t\t\t<div class=\"elementor-gallery-item__overlay\"><\/div>\n\t\t\t\t\t\t\t\t\t\t\t\t\t\t<\/a>\n\t\t\t\t\t\t\t<a class=\"e-gallery-item elementor-gallery-item elementor-animated-content\" href=\"https:\/\/kaminbau-bautzen.de\/wp-content\/uploads\/2018-kaminbau-marschner-2018_img_0765.jpg\" data-elementor-open-lightbox=\"yes\" data-elementor-lightbox-slideshow=\"db2e4c0\" data-elementor-lightbox-title=\"2018-kaminbau-marschner-2018_img_0765\" data-e-action-hash=\"#elementor-action%3Aaction%3Dlightbox%26settings%3DeyJpZCI6OTgsInVybCI6Imh0dHBzOlwvXC9rYW1pbmJhdS1iYXV0emVuLmRlXC93cC1jb250ZW50XC91cGxvYWRzXC8yMDE4LWthbWluYmF1LW1hcnNjaG5lci0yMDE4X2ltZ18wNzY1LmpwZyIsInNsaWRlc2hvdyI6ImRiMmU0YzAifQ%3D%3D\">\n\t\t\t\t\t<div class=\"e-gallery-image elementor-gallery-item__image\" data-thumbnail=\"https:\/\/kaminbau-bautzen.de\/wp-content\/uploads\/2018-kaminbau-marschner-2018_img_0765.jpg\" data-width=\"480\" data-height=\"640\" aria-label=\"\" role=\"img\" ><\/div>\n\t\t\t\t\t\t\t\t\t\t\t<div class=\"elementor-gallery-item__overlay\"><\/div>\n\t\t\t\t\t\t\t\t\t\t\t\t\t\t<\/a>\n\t\t\t\t\t\t\t<a class=\"e-gallery-item elementor-gallery-item elementor-animated-content\" href=\"https:\/\/kaminbau-bautzen.de\/wp-content\/uploads\/2018-kamin_2.jpg\" data-elementor-open-lightbox=\"yes\" data-elementor-lightbox-slideshow=\"db2e4c0\" data-elementor-lightbox-title=\"2018-kamin_2\" data-e-action-hash=\"#elementor-action%3Aaction%3Dlightbox%26settings%3DeyJpZCI6OTcsInVybCI6Imh0dHBzOlwvXC9rYW1pbmJhdS1iYXV0emVuLmRlXC93cC1jb250ZW50XC91cGxvYWRzXC8yMDE4LWthbWluXzIuanBnIiwic2xpZGVzaG93IjoiZGIyZTRjMCJ9\">\n\t\t\t\t\t<div class=\"e-gallery-image elementor-gallery-item__image\" data-thumbnail=\"https:\/\/kaminbau-bautzen.de\/wp-content\/uploads\/2018-kamin_2.jpg\" data-width=\"600\" data-height=\"800\" aria-label=\"\" role=\"img\" ><\/div>\n\t\t\t\t\t\t\t\t\t\t\t<div class=\"elementor-gallery-item__overlay\"><\/div>\n\t\t\t\t\t\t\t\t\t\t\t\t\t\t<\/a>\n\t\t\t\t\t\t\t<a class=\"e-gallery-item elementor-gallery-item elementor-animated-content\" href=\"https:\/\/kaminbau-bautzen.de\/wp-content\/uploads\/2018-kamin_1.jpg\" data-elementor-open-lightbox=\"yes\" data-elementor-lightbox-slideshow=\"db2e4c0\" data-elementor-lightbox-title=\"2018-kamin_1\" data-e-action-hash=\"#elementor-action%3Aaction%3Dlightbox%26settings%3DeyJpZCI6OTYsInVybCI6Imh0dHBzOlwvXC9rYW1pbmJhdS1iYXV0emVuLmRlXC93cC1jb250ZW50XC91cGxvYWRzXC8yMDE4LWthbWluXzEuanBnIiwic2xpZGVzaG93IjoiZGIyZTRjMCJ9\">\n\t\t\t\t\t<div class=\"e-gallery-image elementor-gallery-item__image\" data-thumbnail=\"https:\/\/kaminbau-bautzen.de\/wp-content\/uploads\/2018-kamin_1.jpg\" data-width=\"600\" data-height=\"800\" aria-label=\"\" role=\"img\" ><\/div>\n\t\t\t\t\t\t\t\t\t\t\t<div class=\"elementor-gallery-item__overlay\"><\/div>\n\t\t\t\t\t\t\t\t\t\t\t\t\t\t<\/a>\n\t\t\t\t\t\t\t<a class=\"e-gallery-item elementor-gallery-item elementor-animated-content\" href=\"https:\/\/kaminbau-bautzen.de\/wp-content\/uploads\/2018-img_1987.jpg\" data-elementor-open-lightbox=\"yes\" data-elementor-lightbox-slideshow=\"db2e4c0\" data-elementor-lightbox-title=\"2018-img_1987\" data-e-action-hash=\"#elementor-action%3Aaction%3Dlightbox%26settings%3DeyJpZCI6OTUsInVybCI6Imh0dHBzOlwvXC9rYW1pbmJhdS1iYXV0emVuLmRlXC93cC1jb250ZW50XC91cGxvYWRzXC8yMDE4LWltZ18xOTg3LmpwZyIsInNsaWRlc2hvdyI6ImRiMmU0YzAifQ%3D%3D\">\n\t\t\t\t\t<div class=\"e-gallery-image elementor-gallery-item__image\" data-thumbnail=\"https:\/\/kaminbau-bautzen.de\/wp-content\/uploads\/2018-img_1987.jpg\" data-width=\"640\" data-height=\"480\" aria-label=\"\" role=\"img\" ><\/div>\n\t\t\t\t\t\t\t\t\t\t\t<div class=\"elementor-gallery-item__overlay\"><\/div>\n\t\t\t\t\t\t\t\t\t\t\t\t\t\t<\/a>\n\t\t\t\t\t\t\t<a class=\"e-gallery-item elementor-gallery-item elementor-animated-content\" href=\"https:\/\/kaminbau-bautzen.de\/wp-content\/uploads\/2018-16_5_4_20160209-165021.000000.jpg\" data-elementor-open-lightbox=\"yes\" data-elementor-lightbox-slideshow=\"db2e4c0\" data-elementor-lightbox-title=\"2018-16_5_4_20160209-165021.000000\" data-e-action-hash=\"#elementor-action%3Aaction%3Dlightbox%26settings%3DeyJpZCI6OTQsInVybCI6Imh0dHBzOlwvXC9rYW1pbmJhdS1iYXV0emVuLmRlXC93cC1jb250ZW50XC91cGxvYWRzXC8yMDE4LTE2XzVfNF8yMDE2MDIwOS0xNjUwMjEuMDAwMDAwLmpwZyIsInNsaWRlc2hvdyI6ImRiMmU0YzAifQ%3D%3D\">\n\t\t\t\t\t<div class=\"e-gallery-image elementor-gallery-item__image\" data-thumbnail=\"https:\/\/kaminbau-bautzen.de\/wp-content\/uploads\/2018-16_5_4_20160209-165021.000000.jpg\" data-width=\"768\" data-height=\"799\" aria-label=\"\" role=\"img\" ><\/div>\n\t\t\t\t\t\t\t\t\t\t\t<div class=\"elementor-gallery-item__overlay\"><\/div>\n\t\t\t\t\t\t\t\t\t\t\t\t\t\t<\/a>\n\t\t\t\t\t\t\t<a class=\"e-gallery-item elementor-gallery-item elementor-animated-content\" href=\"https:\/\/kaminbau-bautzen.de\/wp-content\/uploads\/2018-16_2.jpg\" data-elementor-open-lightbox=\"yes\" data-elementor-lightbox-slideshow=\"db2e4c0\" data-elementor-lightbox-title=\"2018-16_2\" data-e-action-hash=\"#elementor-action%3Aaction%3Dlightbox%26settings%3DeyJpZCI6OTMsInVybCI6Imh0dHBzOlwvXC9rYW1pbmJhdS1iYXV0emVuLmRlXC93cC1jb250ZW50XC91cGxvYWRzXC8yMDE4LTE2XzIuanBnIiwic2xpZGVzaG93IjoiZGIyZTRjMCJ9\">\n\t\t\t\t\t<div class=\"e-gallery-image elementor-gallery-item__image\" data-thumbnail=\"https:\/\/kaminbau-bautzen.de\/wp-content\/uploads\/2018-16_2-768x768.jpg\" data-width=\"768\" data-height=\"768\" aria-label=\"\" role=\"img\" ><\/div>\n\t\t\t\t\t\t\t\t\t\t\t<div class=\"elementor-gallery-item__overlay\"><\/div>\n\t\t\t\t\t\t\t\t\t\t\t\t\t\t<\/a>\n\t\t\t\t\t<\/div>\n\t\t\t\t\t<\/div>\n\t\t\t\t\t<\/div>\n\t\t\t\t<\/div>\n\t\t\t\t<\/div>\n\t\t","protected":false},"excerpt":{"rendered":"<p>Kachelofenbau Marschner Der Spezialist f\u00fcr Kachel\u00f6fen und Kaminbau in Schirgiswalde Kachelofen \/ Warmluftofen Warmluft\u00f6fen erzeugen mit modernen Heizeins\u00e4tzen f\u00fcr feste Brennstoffe sehr schnell behagliche W\u00e4rme. Die Raumluft wird \u00fcber Kaltluft\u00f6ffnungen um den Heizeinsatz geleitet, sie erw\u00e4rmt sich und wird \u00fcber Warmluftgitter gezielt wieder an den Raum abgegeben. Warmluft\u00f6fen produzieren zu ca. 70 % Konvektionsw\u00e4rme und [&hellip;]<\/p>\n","protected":false},"author":2,"featured_media":0,"parent":0,"menu_order":0,"comment_status":"closed","ping_status":"closed","template":"","meta":{"footnotes":""},"class_list":["post-51","page","type-page","status-publish","hentry"],"_links":{"self":[{"href":"https:\/\/kaminbau-bautzen.de\/index.php?rest_route=\/wp\/v2\/pages\/51","targetHints":{"allow":["GET"]}}],"collection":[{"href":"https:\/\/kaminbau-bautzen.de\/index.php?rest_route=\/wp\/v2\/pages"}],"about":[{"href":"https:\/\/kaminbau-bautzen.de\/index.php?rest_route=\/wp\/v2\/types\/page"}],"author":[{"embeddable":true,"href":"https:\/\/kaminbau-bautzen.de\/index.php?rest_route=\/wp\/v2\/users\/2"}],"replies":[{"embeddable":true,"href":"https:\/\/kaminbau-bautzen.de\/index.php?rest_route=%2Fwp%2Fv2%2Fcomments&post=51"}],"version-history":[{"count":19,"href":"https:\/\/kaminbau-bautzen.de\/index.php?rest_route=\/wp\/v2\/pages\/51\/revisions"}],"predecessor-version":[{"id":273,"href":"https:\/\/kaminbau-bautzen.de\/index.php?rest_route=\/wp\/v2\/pages\/51\/revisions\/273"}],"wp:attachment":[{"href":"https:\/\/kaminbau-bautzen.de\/index.php?rest_route=%2Fwp%2Fv2%2Fmedia&parent=51"}],"curies":[{"name":"wp","href":"https:\/\/api.w.org\/{rel}","templated":true}]}}